{"id":37,"date":"2021-05-07T11:37:11","date_gmt":"2021-05-07T09:37:11","guid":{"rendered":"http:\/\/test2.rhgroup.cz\/?page_id=37"},"modified":"2023-03-09T10:31:56","modified_gmt":"2023-03-09T09:31:56","slug":"nahradni-plneni","status":"publish","type":"page","link":"https:\/\/rh-it-solution.cz\/index.php\/nahradni-plneni\/","title":{"rendered":"N\u00e1hradn\u00ed pln\u011bn\u00ed"},"content":{"rendered":"\n<div class=\"wp-block-cover alignfull\" style=\"min-height:400px;aspect-ratio:unset;\"><span aria-hidden=\"true\" class=\"wp-block-cover__background has-nv-dark-bg-background-color has-background-dim-60 has-background-dim\"><\/span><img loading=\"lazy\" decoding=\"async\" width=\"2560\" height=\"1432\" class=\"wp-block-cover__image-background wp-image-884\" alt=\"\" src=\"https:\/\/www.rh-it-solution.cz\/wp-content\/uploads\/2023\/03\/pexels-khwanchai-phanthong-4175028-scaled-1.jpg\" data-object-fit=\"cover\" srcset=\"https:\/\/rh-it-solution.cz\/wp-content\/uploads\/2023\/03\/pexels-khwanchai-phanthong-4175028-scaled-1.jpg 2560w, https:\/\/rh-it-solution.cz\/wp-content\/uploads\/2023\/03\/pexels-khwanchai-phanthong-4175028-scaled-1-300x168.jpg 300w, https:\/\/rh-it-solution.cz\/wp-content\/uploads\/2023\/03\/pexels-khwanchai-phanthong-4175028-scaled-1-1024x573.jpg 1024w, https:\/\/rh-it-solution.cz\/wp-content\/uploads\/2023\/03\/pexels-khwanchai-phanthong-4175028-scaled-1-768x430.jpg 768w, https:\/\/rh-it-solution.cz\/wp-content\/uploads\/2023\/03\/pexels-khwanchai-phanthong-4175028-scaled-1-1536x859.jpg 1536w, https:\/\/rh-it-solution.cz\/wp-content\/uploads\/2023\/03\/pexels-khwanchai-phanthong-4175028-scaled-1-2048x1146.jpg 2048w\" sizes=\"auto, (max-width: 2560px) 100vw, 2560px\" \/><div class=\"wp-block-cover__inner-container is-layout-flow wp-block-cover-is-layout-flow\">\n<h1 class=\"has-text-align-center has-nv-site-bg-color has-text-color wp-block-heading\">N\u00e1hradn\u00ed pln\u011bn\u00ed<\/h1>\n<\/div><\/div>\n\n\n\n<h2 class=\"has-text-color wp-block-heading\" style=\"color:#0000aa00;font-size:1px\">N\u00e1hradn\u00ed pln\u011bn\u00ed<\/h2>\n\n\n\n<div style=\"height:90px\" aria-hidden=\"true\" class=\"wp-block-spacer\"><\/div>\n\n\n\n<div class=\"wp-block-columns is-layout-flex wp-container-core-columns-is-layout-9d6595d7 wp-block-columns-is-layout-flex\">\n<div class=\"wp-block-column is-layout-flow wp-block-column-is-layout-flow\" style=\"flex-basis:66.66%\">\n<h3 class=\"has-neve-link-color-color has-text-color wp-block-heading\" style=\"font-size:30px\">Zam\u011bstn\u00e1v\u00e1te v\u00edce jak 25 zam\u011bstnanc\u016f?<\/h3>\n\n\n\n<p class=\"has-neve-link-hover-color-color has-text-color\" style=\"font-size:14px\"><\/p>\n\n\n\n<p>Jste-li firma zam\u011bstn\u00e1vaj\u00edc\u00ed v\u00edce ne\u017e 25 osob, existuj\u00ed pro V\u00e1s t\u0159i mo\u017enosti, jak splnit svou z\u00e1konnou povinnost pln\u011bn\u00ed pod\u00edl\u016f na zam\u011bstn\u00e1v\u00e1n\u00ed OZP.<\/p>\n\n\n\n<p>Ze z\u00e1kona m\u00e1te tyto mo\u017enosti:<\/p>\n\n\n\n<p>1) Zam\u011bstn\u00e1te p\u0159\u00edslu\u0161n\u00fd po\u010det osob se zdravotn\u00edm posti\u017een\u00edm (OZP), tj. v min. 4% povinn\u00e9m pod\u00edlu k celkomu po\u010dtu sv\u00fdch zam\u011bstnanc\u016f<\/p>\n\n\n\n<p>2) Odvedete finan\u010dn\u00ed pln\u011bn\u00ed t\u00e9to povinnosti formou odvodu do st\u00e1tn\u00edho rozpo\u010dtu<\/p>\n\n\n\n<p>3) Vyu\u017eijete n\u00e1hradn\u00edho pln\u011bn\u00ed, v jeho\u017e r\u00e1mci budete odeb\u00edrat slu\u017eby \u010di v\u00fdrobky od zam\u011bstnavatel\u016f s v\u00edce ne\u017e 50% zam\u011bstnanci se zdravotn\u00edm posti\u017een\u00edm, nebo od OSV\u010c se zdravotn\u00edm posti\u017een\u00edm. T\u011bmto subjekt\u016fm m\u016f\u017eete tak\u00e9 zad\u00e1vat zak\u00e1zky pro odb\u011br n\u00e1hradn\u00edho pln\u011bn\u00ed.<\/p>\n\n\n\n<p><mark style=\"background-color:rgba(0, 0, 0, 0)\" class=\"has-inline-color has-neve-link-hover-color-color\">Do t\u0159etice v\u0161eho dobr\u00e9ho. Pokud si vyberete pr\u00e1v\u011b t\u0159et\u00ed mo\u017enost pom\u016f\u017eeme v\u00e1m u\u0161et\u0159it va\u0161e n\u00e1klady a na\u0161i zam\u011bstnanci v\u00e1m pomohou s digitalizac\u00ed va\u0161ich dokument\u016f.<\/mark><\/p>\n\n\n\n<p><strong>N\u00e1hradn\u00edm pln\u011bn\u00edm se zprost\u0159edkovan\u011b pod\u00edl\u00edte na zam\u011bstn\u00e1v\u00e1n\u00ed OZP.<\/strong><\/p>\n\n\n\n<p>Na\u0161e opr\u00e1vn\u011bn\u00ed poskytovat n\u00e1hradn\u00ed pln\u00ed si m\u016f\u017eete ov\u011b\u0159it na str\u00e1nk\u00e1ch <a href=\"https:\/\/www.uradprace.cz\/seznam-dodavatelu-nahradniho-plneni#\/nahradni-plneni-detail\/1994\" data-type=\"URL\" data-id=\"https:\/\/www.uradprace.cz\/seznam-dodavatelu-nahradniho-plneni#\/nahradni-plneni-detail\/1994\" target=\"_blank\" rel=\"noreferrer noopener\">\u00da\u0159adu pr\u00e1ce<\/a><\/p>\n<\/div>\n\n\n\n<div class=\"wp-block-column is-layout-flow wp-block-column-is-layout-flow\" style=\"flex-basis:33.33%\">\n<figure class=\"wp-block-image size-large\"><img loading=\"lazy\" decoding=\"async\" width=\"513\" height=\"513\" src=\"https:\/\/www.rh-it-solution.cz\/wp-content\/uploads\/2021\/05\/woman.jpg\" alt=\"\" class=\"wp-image-88\" srcset=\"https:\/\/rh-it-solution.cz\/wp-content\/uploads\/2021\/05\/woman.jpg 513w, https:\/\/rh-it-solution.cz\/wp-content\/uploads\/2021\/05\/woman-300x300.jpg 300w, https:\/\/rh-it-solution.cz\/wp-content\/uploads\/2021\/05\/woman-150x150.jpg 150w\" sizes=\"auto, (max-width: 513px) 100vw, 513px\" \/><\/figure>\n<\/div>\n<\/div>\n\n\n\n<div class=\"wp-block-columns is-layout-flex wp-container-core-columns-is-layout-9d6595d7 wp-block-columns-is-layout-flex\">\n<div class=\"wp-block-column is-layout-flow wp-block-column-is-layout-flow\">\n<h4 class=\"has-neve-link-color-color has-text-color wp-block-heading\" style=\"font-size:18px\">Na\u0161e spole\u010dnost spl\u0148uje po\u017eadavky na&nbsp;uplatn\u011bn\u00ed n\u00e1hradn\u00edho pln\u011bn\u00ed dle \u00a7 81 z\u00e1kona \u010d.435\/2004 Sb.<\/h4>\n\n\n\n<p class=\"has-nv-dark-bg-color has-text-color\" style=\"font-size:17px\">N\u00e1hradn\u00ed pln\u011bn\u00ed je pr\u00e1vn\u00ed institut, jeho\u017e \u00fa\u010delem je zv\u00fd\u0161it zam\u011bstnanost osob&nbsp;se zdravotn\u00edm posti\u017een\u00edm nebo finan\u010dn\u00edm odvodem do st\u00e1tn\u00edho rozpo\u010dtu p\u0159isp\u011bt ke&nbsp;zlep\u0161en\u00ed jejich situace.<\/p>\n\n\n\n<p class=\"has-nv-dark-bg-color has-text-color\" style=\"font-size:17px\">Dle z\u00e1kona o zam\u011bstnanosti \u010d. 435\/2004 Sb. \u00a7 81 jsou zam\u011bstnavatel\u00e9 s v\u00edce ne\u017e&nbsp;25 zam\u011bstnanci v pracovn\u00edm pom\u011bru povinni zam\u011bstn\u00e1vat osoby se zdravotn\u00edm&nbsp;posti\u017een\u00edm ve v\u00fd\u0161i povinn\u00e9ho pod\u00edlu (4 %).<\/p>\n\n\n\n<ul class=\"wp-block-list\">\n<li>Zam\u011bstnat osobu nebo osoby se zdravotn\u00edm posti\u017een\u00edm<\/li>\n\n\n\n<li>Odebrat zbo\u017e\u00ed nebo slu\u017eby od firmy zam\u011bstn\u00e1vaj\u00edc\u00ed v\u00edce ne\u017e 50 % zdravotn\u011b<\/li>\n\n\n\n<li>&nbsp;posti\u017een\u00fdch, nap\u0159. od na\u0161\u00ed spole\u010dnosti<\/li>\n\n\n\n<li>Odv\u00e9st povinn\u00fd pod\u00edl do st\u00e1tn\u00edho rozpo\u010dtu<\/li>\n<\/ul>\n<\/div>\n\n\n\n<div class=\"wp-block-column is-layout-flow wp-block-column-is-layout-flow\">\n\n\n<h4 class=\"has-neve-link-color-color has-text-color wp-block-heading\">Tom\u00e1\u0161 Vachu\u0161ka<\/h4>\n\n\n\n<p>Specialista v&nbsp;oblasti skartace<br>+ 420&nbsp;734&nbsp;688 817<\/p>\n<\/div>\n<\/div>\n\n\n\n<div style=\"height:70px\" aria-hidden=\"true\" class=\"wp-block-spacer\"><\/div>\n\n\n\n<div style=\"height:25px\" aria-hidden=\"true\" class=\"wp-block-spacer\"><\/div>\n","protected":false},"excerpt":{"rendered":"<p>N\u00e1hradn\u00ed pln\u011bn\u00ed Zam\u011bstn\u00e1v\u00e1te v\u00edce jak 25 zam\u011bstnanc\u016f? Jste-li firma zam\u011bstn\u00e1vaj\u00edc\u00ed v\u00edce ne\u017e 25 osob, existuj\u00ed pro V\u00e1s t\u0159i mo\u017enosti, jak splnit svou z\u00e1konnou povinnost pln\u011bn\u00ed pod\u00edl\u016f na zam\u011bstn\u00e1v\u00e1n\u00ed OZP. Ze z\u00e1kona m\u00e1te tyto mo\u017enosti: 1) Zam\u011bstn\u00e1te p\u0159\u00edslu\u0161n\u00fd po\u010det osob se zdravotn\u00edm posti\u017een\u00edm (OZP), tj. v min. 4% povinn\u00e9m pod\u00edlu k celkomu po\u010dtu sv\u00fdch zam\u011bstnanc\u016f 2)&hellip;&nbsp;<a href=\"https:\/\/rh-it-solution.cz\/index.php\/nahradni-plneni\/\" rel=\"bookmark\">\u010c\u00edst d\u00e1le &raquo;<span class=\"screen-reader-text\">N\u00e1hradn\u00ed pln\u011bn\u00ed<\/span><\/a><\/p>\n","protected":false},"author":1,"featured_media":0,"parent":0,"menu_order":0,"comment_status":"closed","ping_status":"closed","template":"","meta":{"neve_meta_sidebar":"full-width","neve_meta_container":"","neve_meta_enable_content_width":"on","neve_meta_content_width":100,"neve_meta_title_alignment":"","neve_meta_author_avatar":"","neve_post_elements_order":"","neve_meta_disable_header":"","neve_meta_disable_footer":"","neve_meta_disable_title":"on","footnotes":""},"class_list":["post-37","page","type-page","status-publish","hentry"],"aioseo_notices":[],"_links":{"self":[{"href":"https:\/\/rh-it-solution.cz\/index.php\/wp-json\/wp\/v2\/pages\/37","targetHints":{"allow":["GET"]}}],"collection":[{"href":"https:\/\/rh-it-solution.cz\/index.php\/wp-json\/wp\/v2\/pages"}],"about":[{"href":"https:\/\/rh-it-solution.cz\/index.php\/wp-json\/wp\/v2\/types\/page"}],"author":[{"embeddable":true,"href":"https:\/\/rh-it-solution.cz\/index.php\/wp-json\/wp\/v2\/users\/1"}],"replies":[{"embeddable":true,"href":"https:\/\/rh-it-solution.cz\/index.php\/wp-json\/wp\/v2\/comments?post=37"}],"version-history":[{"count":23,"href":"https:\/\/rh-it-solution.cz\/index.php\/wp-json\/wp\/v2\/pages\/37\/revisions"}],"predecessor-version":[{"id":885,"href":"https:\/\/rh-it-solution.cz\/index.php\/wp-json\/wp\/v2\/pages\/37\/revisions\/885"}],"wp:attachment":[{"href":"https:\/\/rh-it-solution.cz\/index.php\/wp-json\/wp\/v2\/media?parent=37"}],"curies":[{"name":"wp","href":"https:\/\/api.w.org\/{rel}","templated":true}]}}